{"id":15,"date":"2022-09-06T15:13:46","date_gmt":"2022-09-06T13:13:46","guid":{"rendered":"https:\/\/www.soutiendocteurgoareguer.be\/?page_id=15"},"modified":"2022-09-19T10:52:13","modified_gmt":"2022-09-19T08:52:13","slug":"soutien-au-docteur-frederic-goareguer","status":"publish","type":"page","link":"https:\/\/www.soutiendocteurgoareguer.be\/","title":{"rendered":"Soutien au Docteur Fr\u00e9d\u00e9ric Goar\u00e9guer"},"content":{"rendered":"\t\t<div data-elementor-type=\"wp-page\" data-elementor-id=\"15\" class=\"elementor elementor-15\">\n\t\t\t\t\t\t\t\t\t<section class=\"elementor-section elementor-top-section elementor-element elementor-element-70a9c1b6 elementor-section-full_width elementor-section-height-min-height elementor-section-height-default elementor-section-items-middle\" data-id=\"70a9c1b6\" data-element_type=\"section\" data-settings=\"{&quot;background_background&quot;:&quot;classic&quot;}\">\n\t\t\t\t\t\t<div class=\"elementor-container elementor-column-gap-default\">\n\t\t\t\t\t<div class=\"elementor-column elementor-col-100 elementor-top-column elementor-element elementor-element-1eab5fbd\" data-id=\"1eab5fbd\" data-element_type=\"column\">\n\t\t\t<div class=\"elementor-widget-wrap elementor-element-populated\">\n\t\t\t\t\t\t\t\t<div class=\"jupiter-tooltip-widget elementor-element elementor-element-3494af18 elementor-widget elementor-widget-spacer\" data-jupiter-tooltip-settings=\"{&quot;tooltip&quot;:&quot;false&quot;,&quot;tooltipDescription&quot;:&quot;This is Tooltip!&quot;,&quot;tooltipPlacement&quot;:&quot;top&quot;,&quot;tooltipArrow&quot;:true,&quot;xOffset&quot;:0,&quot;yOffset&quot;:0,&quot;tooltipAnimation&quot;:&quot;fade&quot;,&quot;tooltipTrigger&quot;:&quot;mouseenter&quot;,&quot;zIndex&quot;:999,&quot;customSelector&quot;:&quot;&quot;,&quot;delay&quot;:0}\" data-id=\"3494af18\" data-element_type=\"widget\" data-widget_type=\"spacer.default\">\n\t\t\t\t<div class=\"elementor-widget-container\">\n\t\t\t<style>\/*! elementor - v3.7.4 - 31-08-2022 *\/\n.elementor-column .elementor-spacer-inner{height:var(--spacer-size)}.e-container{--container-widget-width:100%}.e-container>.elementor-widget-spacer{width:var(--container-widget-width,var(--spacer-size));-ms-flex-item-align:stretch;align-self:stretch;-ms-flex-negative:0;flex-shrink:0}.e-container>.elementor-widget-spacer>.elementor-widget-container,.e-container>.elementor-widget-spacer>.elementor-widget-container>.elementor-spacer{height:100%}.e-container>.elementor-widget-spacer>.elementor-widget-container>.elementor-spacer>.elementor-spacer-inner{height:var(--container-widget-height,var(--spacer-size))}<\/style>\t\t<div class=\"elementor-spacer\">\n\t\t\t<div class=\"elementor-spacer-inner\"><\/div>\n\t\t<\/div>\n\t\t\t\t<\/div>\n\t\t\t\t<\/div>\n\t\t\t\t\t<\/div>\n\t\t<\/div>\n\t\t\t\t\t\t\t<\/div>\n\t\t<\/section>\n\t\t\t\t<section class=\"elementor-section elementor-top-section elementor-element elementor-element-3898499 elementor-section-boxed elementor-section-height-default elementor-section-height-default\" data-id=\"3898499\" data-element_type=\"section\">\n\t\t\t\t\t\t<div class=\"elementor-container elementor-column-gap-default\">\n\t\t\t\t\t<div class=\"elementor-column elementor-col-100 elementor-top-column elementor-element elementor-element-2a3e64e9\" data-id=\"2a3e64e9\" data-element_type=\"column\">\n\t\t\t<div class=\"elementor-widget-wrap elementor-element-populated\">\n\t\t\t\t\t\t\t\t<div class=\"jupiter-tooltip-widget elementor-element elementor-element-75546be2 elementor-widget elementor-widget-heading\" data-jupiter-tooltip-settings=\"{&quot;tooltip&quot;:&quot;false&quot;,&quot;tooltipDescription&quot;:&quot;This is Tooltip!&quot;,&quot;tooltipPlacement&quot;:&quot;top&quot;,&quot;tooltipArrow&quot;:true,&quot;xOffset&quot;:0,&quot;yOffset&quot;:0,&quot;tooltipAnimation&quot;:&quot;fade&quot;,&quot;tooltipTrigger&quot;:&quot;mouseenter&quot;,&quot;zIndex&quot;:999,&quot;customSelector&quot;:&quot;&quot;,&quot;delay&quot;:0}\" data-id=\"75546be2\" data-element_type=\"widget\" data-widget_type=\"heading.default\">\n\t\t\t\t<div class=\"elementor-widget-container\">\n\t\t\t<style>\/*! elementor - v3.7.4 - 31-08-2022 *\/\n.elementor-heading-title{padding:0;margin:0;line-height:1}.elementor-widget-heading .elementor-heading-title[class*=elementor-size-]>a{color:inherit;font-size:inherit;line-height:inherit}.elementor-widget-heading .elementor-heading-title.elementor-size-small{font-size:15px}.elementor-widget-heading .elementor-heading-title.elementor-size-medium{font-size:19px}.elementor-widget-heading .elementor-heading-title.elementor-size-large{font-size:29px}.elementor-widget-heading .elementor-heading-title.elementor-size-xl{font-size:39px}.elementor-widget-heading .elementor-heading-title.elementor-size-xxl{font-size:59px}<\/style><h1 class=\"elementor-heading-title elementor-size-default\">Site web de soutien au Docteur Fr\u00e9d\u00e9ric Goar\u00e9guer<\/h1>\t\t<\/div>\n\t\t\t\t<\/div>\n\t\t\t\t<div class=\"jupiter-tooltip-widget elementor-element elementor-element-6041f7d6 elementor-widget elementor-widget-text-editor\" data-jupiter-tooltip-settings=\"{&quot;tooltip&quot;:&quot;false&quot;,&quot;tooltipDescription&quot;:&quot;This is Tooltip!&quot;,&quot;tooltipPlacement&quot;:&quot;top&quot;,&quot;tooltipArrow&quot;:true,&quot;xOffset&quot;:0,&quot;yOffset&quot;:0,&quot;tooltipAnimation&quot;:&quot;fade&quot;,&quot;tooltipTrigger&quot;:&quot;mouseenter&quot;,&quot;zIndex&quot;:999,&quot;customSelector&quot;:&quot;&quot;,&quot;delay&quot;:0}\" data-id=\"6041f7d6\" data-element_type=\"widget\" data-widget_type=\"text-editor.default\">\n\t\t\t\t<div class=\"elementor-widget-container\">\n\t\t\t<style>\/*! elementor - v3.7.4 - 31-08-2022 *\/\n.elementor-widget-text-editor.elementor-drop-cap-view-stacked .elementor-drop-cap{background-color:#818a91;color:#fff}.elementor-widget-text-editor.elementor-drop-cap-view-framed .elementor-drop-cap{color:#818a91;border:3px solid;background-color:transparent}.elementor-widget-text-editor:not(.elementor-drop-cap-view-default) .elementor-drop-cap{margin-top:8px}.elementor-widget-text-editor:not(.elementor-drop-cap-view-default) .elementor-drop-cap-letter{width:1em;height:1em}.elementor-widget-text-editor .elementor-drop-cap{float:left;text-align:center;line-height:1;font-size:50px}.elementor-widget-text-editor .elementor-drop-cap-letter{display:inline-block}<\/style>\t\t\t\t<div dir=\"ltr\"><p>SOYONS PR\u00c9SENTS pour soutenir le Docteur Fr\u00e9d\u00e9ric Goar\u00e9guer, la m\u00e9decine humaniste et bienveillante, la libert\u00e9 th\u00e9rapeutique, la libert\u00e9 d&rsquo;expression et l&rsquo;avenir de nos enfants&#8230;<\/p><\/div>\t\t\t\t\t\t<\/div>\n\t\t\t\t<\/div>\n\t\t\t\t<div class=\"jupiter-tooltip-widget elementor-element elementor-element-445fd8da elementor-widget elementor-widget-text-editor\" data-jupiter-tooltip-settings=\"{&quot;tooltip&quot;:&quot;false&quot;,&quot;tooltipDescription&quot;:&quot;This is Tooltip!&quot;,&quot;tooltipPlacement&quot;:&quot;top&quot;,&quot;tooltipArrow&quot;:true,&quot;xOffset&quot;:0,&quot;yOffset&quot;:0,&quot;tooltipAnimation&quot;:&quot;fade&quot;,&quot;tooltipTrigger&quot;:&quot;mouseenter&quot;,&quot;zIndex&quot;:999,&quot;customSelector&quot;:&quot;&quot;,&quot;delay&quot;:0}\" data-id=\"445fd8da\" data-element_type=\"widget\" data-widget_type=\"text-editor.default\">\n\t\t\t\t<div class=\"elementor-widget-container\">\n\t\t\t\t\t\t\t<div dir=\"ltr\">\n<p><strong>Rassemblement autoris\u00e9 par le Bourgmestre devant l&rsquo;Ordre des M\u00e9decins du Hainaut (Place des Archers \u00e0 Mons)<br>ce mardi 20 SEPTEMBRE 2022 de 18h \u00e0 21h.<\/strong><br>Prises de paroles et t\u00e9moignages de nombreux m\u00e9decins, soignants et citoyens.<br><br><strong>Le Docteur Fr\u00e9d\u00e9ric Goar\u00e9guer, p\u00e9dopsychiatre,<\/strong> a \u00e9t\u00e9 convoqu\u00e9 par l&rsquo;Ordre des M\u00e9decins ce 20\/9, suite \u00e0 ses prises de parole pour informer la population sur les <strong>d\u00e9rives actuelles de la d\u00e9mocratie et de la m\u00e9decine<\/strong> et sur les graves r\u00e9percussions des mesures sanitaires notamment sur la <strong>d\u00e9gradation de la sant\u00e9 mentale des jeunes.<\/strong><\/p>\n<p>L&rsquo;Ordre des M\u00e9decins va-t-il valider ses propos ou au contraire <strong>le censurer, le sanctionner et le priver du droit de continuer \u00e0 aider nos enfants et adolescents<\/strong> en souffrance et en grande difficult\u00e9 ?<\/p>\n<\/div>\t\t\t\t\t\t<\/div>\n\t\t\t\t<\/div>\n\t\t\t\t<div class=\"jupiter-tooltip-widget elementor-element elementor-element-1212758 elementor-widget elementor-widget-text-editor\" data-jupiter-tooltip-settings=\"{&quot;tooltip&quot;:&quot;false&quot;,&quot;tooltipDescription&quot;:&quot;This is Tooltip!&quot;,&quot;tooltipPlacement&quot;:&quot;top&quot;,&quot;tooltipArrow&quot;:true,&quot;xOffset&quot;:0,&quot;yOffset&quot;:0,&quot;tooltipAnimation&quot;:&quot;fade&quot;,&quot;tooltipTrigger&quot;:&quot;mouseenter&quot;,&quot;zIndex&quot;:999,&quot;customSelector&quot;:&quot;&quot;,&quot;delay&quot;:0}\" data-id=\"1212758\" data-element_type=\"widget\" data-widget_type=\"text-editor.default\">\n\t\t\t\t<div class=\"elementor-widget-container\">\n\t\t\t\t\t\t\t<div dir=\"ltr\"><p>La M\u00e9decine et ce qu&rsquo;il reste de notre D\u00e9mocratie sont de plus en plus <strong>gangr\u00e9n\u00e9es par les conflits d&rsquo;int\u00e9r\u00eats financiers entre les \u00ab\u00a0experts\u00a0\u00bb, les autorit\u00e9s de sant\u00e9, les h\u00f4pitaux subventionn\u00e9s et m\u00e9dias subsidi\u00e9s<\/strong>, d&rsquo;une part, et d&rsquo;autre part leurs <strong>liens financiers avec les lobbies pharmaceutiques et de gigantesques multinationales<\/strong> devenues plus puissantes que les Etats qu&rsquo;ils manipulent \u00e0 leur guise&#8230;<\/p><p><strong>Soyons nombreux ce mardi 20\/09\/2022 de 18h \u00e0 21h \u00e0 Mons,<\/strong> Place des Archers, pour soutenir le Docteur Fr\u00e9d\u00e9ric Goar\u00e9guer, la M\u00e9decine libre et la D\u00e9mocratie.<\/p><div dir=\"ltr\"><p><strong>Pour plus de renseignements,<\/strong> n&rsquo;h\u00e9sitez pas \u00e0 visionner les <strong>vid\u00e9os ci-dessous :<\/strong><\/p><p><span style=\"text-decoration: underline;\"><a href=\"https:\/\/www.kairospresse.be\/les-jeunes-tous-coupables\/\"><strong>&gt;&gt;&gt; Vid\u00e9o du Docteur FR\u00c9D\u00c9RIC GOAR\u00c9GUER interview\u00e9 par KAIROS<\/strong> et s&rsquo;inqui\u00e9tant de l&rsquo;impact des mesures sanitaires liberticides sur la sant\u00e9 mentale des jeunes<\/a><\/span><br \/><br \/><a href=\"https:\/\/www.nexus.fr\/actualite\/sante\/perronne-parlement-luxembourg\/\"><span style=\"text-decoration-line: underline;\"><strong>&gt;&gt;&gt;\u00a0 Vid\u00e9o du Professeur Christian Perronne (ancien conseiller du gouvernement fran\u00e7ais en mati\u00e8re de vaccination)<\/strong>\u00a0t\u00e9moignant des d\u00e9rives de la m\u00e9decine et de la d\u00e9mocratie depuis 2 ans : cliquez ici<\/span><\/a><\/p><p><a href=\"https:\/\/www.kairospresse.be\/interview-du-dr-alain-colignon\"><span style=\"text-decoration-line: underline;\">&gt;&gt;&gt; <strong>Vid\u00e9o du Docteur Alain Colignon (m\u00e9decin sp\u00e9cialiste en chirurgie cardiovasculaire)<\/strong> t\u00e9moignant de la corruption et des mensonges au sein des Autorit\u00e9s de sant\u00e9 : cliquez ici<\/span><\/a><\/p><p><span style=\"text-decoration-line: underline;\"><a href=\"https:\/\/www.kairospresse.be\/un-medecin-reanimateur-licencie-pour-ses-idees\/\">&gt;&gt;&gt; <strong>Vid\u00e9o du Docteur Pascal Sacr\u00e9 (m\u00e9decin anesth\u00e9siste-r\u00e9animateur sp\u00e9cialis\u00e9 en soins intensifs)<\/strong> t\u00e9moignant des mensonges li\u00e9s au Covid depuis 2 ans : cliquez ici<\/a><\/span><\/p><\/div><p><span style=\"text-decoration-line: underline;\"><a href=\"https:\/\/crowdbunker.com\/v\/rD4S4wENDL\"><strong>&gt;&gt;&gt; Vid\u00e9o du Docteur Eric M\u00e9nat (m\u00e9decin co-fondateur du Conseil Scientifique Ind\u00e9pendant)<\/strong> d\u00e9nonce les conflits d&rsquo;int\u00e9r\u00eats financiers, la tromperie concernant le vaccin anti-Covid et la toute puissance des soci\u00e9t\u00e9s pharmaceutiques<\/a><\/span><\/p><p><span style=\"text-decoration-line: underline;\"><a href=\"https:\/\/www.youtube.com\/watch?v=wNKwetQ9Df0\"><strong>&gt;&gt;&gt; Vid\u00e9o de Laurent Toubiana (\u00e9pid\u00e9miologiste)<\/strong> d\u00e9nonce les mensonges et les d\u00e9g\u00e2ts de la gestion de la crise Covid<\/a><\/span>\u00a0<\/p><p><span style=\"text-decoration-line: underline;\"><a href=\"https:\/\/www.francesoir.fr\/videos-lentretien-essentiel\/ou-est-mon-cycle-parlement-europeen\"><strong>&gt;&gt;&gt; Vid\u00e9o du Docteur Laurence Kayser (gyn\u00e9cologue)<\/strong> et de l&rsquo;association \u00ab\u00a0O\u00f9 est mon cycle ?\u00a0\u00bb d\u00e9crivant les tr\u00e8s nombreux effets secondaires graves du vaccin Covid<\/a><\/span><\/p><p><span style=\"text-decoration-line: underline;\"><a href=\"https:\/\/www.youtube.com\/watch?v=geMr-jSX8uk\"><strong>&gt;&gt;&gt; Vid\u00e9o du Docteur Louis Fouch\u00e9 (m\u00e9decin anesth\u00e9siste-r\u00e9animateur)<\/strong> qui d\u00e9nonce la corruption et les mensonges des autorit\u00e9s de sant\u00e9 et des \u00ab\u00a0m\u00e9decins de plateaux-t\u00e9l\u00e9\u00a0\u00bb inf\u00e9od\u00e9s \u00e0 l&rsquo;industrie pharmaceutique<\/a><\/span><\/p><p><a href=\"https:\/\/www.youtube.com\/watch?v=D5H21cC7LOU\"><span style=\"text-decoration-line: underline;\"><strong>&gt;&gt;&gt; Vid\u00e9o du Professeur Alexandra Henrion Caude (Microbiologiste, ex-Directrice de Recherche de l&rsquo;INSERM)<\/strong> d\u00e9crit la folie de cette vaccination exp\u00e9rimentale massive<\/span><\/a><\/p><p><a href=\"https:\/\/maltraites-ledoc.com\"><span style=\"text-decoration-line: underline;\"><strong>&gt;&gt;&gt; Documentaire https:\/\/maltraites-ledoc.com <\/strong>d\u00e9crivant les mensonges et la manipulation des lobbies pharmaceutiques qui ont pr\u00e9tendu que la vaccination \u00e9tait la seule solution<\/span><\/a><\/p><p><span style=\"text-decoration-line: underline;\"><a href=\"https:\/\/m.facebook.com\/watch\/?extid=SEO----&amp;v=997820187694491&amp;_rdr\"><strong>&gt;&gt;&gt; Vid\u00e9o du Professeur Luc Montagnier (Prix Nobel)<\/strong> scandalis\u00e9 par la vaccination des enfants et les pics de morts qui suivent la vaccination<\/a><\/span><\/p><p><a href=\"https:\/\/www.youtube.com\/watch?v=h35y7gMR8ak\"><span style=\"text-decoration-line: underline;\"><strong>&gt;&gt;&gt; Vid\u00e9o du Professeur Didier Raoult (Directeur de l&rsquo;IHU de Marseille, l&rsquo;infectiologue le plus cit\u00e9 du monde dans la recherche scientifique)<\/strong> d\u00e9nonce le fait que la politique vaccinale du monde est dirig\u00e9e par Bill Gates qui a \u00ab\u00a0achet\u00e9\u00a0\u00bb l&rsquo;OMS<\/span><\/a><\/p><\/div>\t\t\t\t\t\t<\/div>\n\t\t\t\t<\/div>\n\t\t\t\t\t<\/div>\n\t\t<\/div>\n\t\t\t\t\t\t\t<\/div>\n\t\t<\/section>\n\t\t\t\t\t\t\t<\/div>\n\t\t","protected":false},"excerpt":{"rendered":"<p>Site web de soutien au Docteur Fr\u00e9d\u00e9ric Goar\u00e9guer SOYONS PR\u00c9SENTS pour soutenir le Docteur Fr\u00e9d\u00e9ric Goar\u00e9guer, la m\u00e9decine humaniste et bienveillante, la libert\u00e9 th\u00e9rapeutique, la libert\u00e9 d&rsquo;expression et l&rsquo;avenir de nos enfants&#8230; Rassemblement autoris\u00e9 par le Bourgmestre devant l&rsquo;Ordre des M\u00e9decins du Hainaut (Place des Archers \u00e0 Mons)ce mardi 20 SEPTEMBRE 2022 de 18h \u00e0 [&hellip;]<\/p>\n","protected":false},"author":1,"featured_media":0,"parent":0,"menu_order":0,"comment_status":"closed","ping_status":"closed","template":"elementor_canvas","meta":{"footnotes":""},"class_list":["post-15","page","type-page","status-publish","hentry"],"acf":[],"yoast_head":"<!-- This site is optimized with the Yoast SEO plugin v19.6.1 - https:\/\/yoast.com\/wordpress\/plugins\/seo\/ -->\n<title>Soutien au Docteur Fr\u00e9d\u00e9ric Goar\u00e9guer<\/title>\n<meta name=\"robots\" content=\"index, follow, max-snippet:-1, max-image-preview:large, max-video-preview:-1\" \/>\n<link rel=\"canonical\" href=\"https:\/\/www.soutiendocteurgoareguer.be\/\" \/>\n<meta property=\"og:locale\" content=\"fr_FR\" \/>\n<meta property=\"og:type\" content=\"article\" \/>\n<meta property=\"og:title\" content=\"Soutien au Docteur Fr\u00e9d\u00e9ric Goar\u00e9guer\" \/>\n<meta property=\"og:description\" content=\"Site web de soutien au Docteur Fr\u00e9d\u00e9ric Goar\u00e9guer SOYONS PR\u00c9SENTS pour soutenir le Docteur Fr\u00e9d\u00e9ric Goar\u00e9guer, la m\u00e9decine humaniste et bienveillante, la libert\u00e9 th\u00e9rapeutique, la libert\u00e9 d&rsquo;expression et l&rsquo;avenir de nos enfants&#8230; Rassemblement autoris\u00e9 par le Bourgmestre devant l&rsquo;Ordre des M\u00e9decins du Hainaut (Place des Archers \u00e0 Mons)ce mardi 20 SEPTEMBRE 2022 de 18h \u00e0 [&hellip;]\" \/>\n<meta property=\"og:url\" content=\"https:\/\/www.soutiendocteurgoareguer.be\/\" \/>\n<meta property=\"og:site_name\" content=\"Soutien Docteur Goareguer\" \/>\n<meta property=\"article:modified_time\" content=\"2022-09-19T08:52:13+00:00\" \/>\n<meta name=\"twitter:card\" content=\"summary_large_image\" \/>\n<meta name=\"twitter:label1\" content=\"Dur\u00e9e de lecture est.\" \/>\n\t<meta name=\"twitter:data1\" content=\"3 minutes\" \/>\n<script type=\"application\/ld+json\" class=\"yoast-schema-graph\">{\"@context\":\"https:\/\/schema.org\",\"@graph\":[{\"@type\":\"WebPage\",\"@id\":\"https:\/\/www.soutiendocteurgoareguer.be\/\",\"url\":\"https:\/\/www.soutiendocteurgoareguer.be\/\",\"name\":\"Soutien au Docteur Fr\u00e9d\u00e9ric Goar\u00e9guer\",\"isPartOf\":{\"@id\":\"https:\/\/www.soutiendocteurgoareguer.be\/#website\"},\"datePublished\":\"2022-09-06T13:13:46+00:00\",\"dateModified\":\"2022-09-19T08:52:13+00:00\",\"breadcrumb\":{\"@id\":\"https:\/\/www.soutiendocteurgoareguer.be\/#breadcrumb\"},\"inLanguage\":\"fr-BE\",\"potentialAction\":[{\"@type\":\"ReadAction\",\"target\":[\"https:\/\/www.soutiendocteurgoareguer.be\/\"]}]},{\"@type\":\"BreadcrumbList\",\"@id\":\"https:\/\/www.soutiendocteurgoareguer.be\/#breadcrumb\",\"itemListElement\":[{\"@type\":\"ListItem\",\"position\":1,\"name\":\"Accueil\",\"item\":\"https:\/\/www.soutiendocteurgoareguer.be\/\"},{\"@type\":\"ListItem\",\"position\":2,\"name\":\"Soutien au Docteur Fr\u00e9d\u00e9ric Goar\u00e9guer\"}]},{\"@type\":\"WebSite\",\"@id\":\"https:\/\/www.soutiendocteurgoareguer.be\/#website\",\"url\":\"https:\/\/www.soutiendocteurgoareguer.be\/\",\"name\":\"Soutien Docteur Goareguer\",\"description\":\"Un site utilisant WordPress\",\"potentialAction\":[{\"@type\":\"SearchAction\",\"target\":{\"@type\":\"EntryPoint\",\"urlTemplate\":\"https:\/\/www.soutiendocteurgoareguer.be\/?s={search_term_string}\"},\"query-input\":\"required name=search_term_string\"}],\"inLanguage\":\"fr-BE\"}]}<\/script>\n<!-- \/ Yoast SEO plugin. -->","yoast_head_json":{"title":"Soutien au Docteur Fr\u00e9d\u00e9ric Goar\u00e9guer","robots":{"index":"index","follow":"follow","max-snippet":"max-snippet:-1","max-image-preview":"max-image-preview:large","max-video-preview":"max-video-preview:-1"},"canonical":"https:\/\/www.soutiendocteurgoareguer.be\/","og_locale":"fr_FR","og_type":"article","og_title":"Soutien au Docteur Fr\u00e9d\u00e9ric Goar\u00e9guer","og_description":"Site web de soutien au Docteur Fr\u00e9d\u00e9ric Goar\u00e9guer SOYONS PR\u00c9SENTS pour soutenir le Docteur Fr\u00e9d\u00e9ric Goar\u00e9guer, la m\u00e9decine humaniste et bienveillante, la libert\u00e9 th\u00e9rapeutique, la libert\u00e9 d&rsquo;expression et l&rsquo;avenir de nos enfants&#8230; Rassemblement autoris\u00e9 par le Bourgmestre devant l&rsquo;Ordre des M\u00e9decins du Hainaut (Place des Archers \u00e0 Mons)ce mardi 20 SEPTEMBRE 2022 de 18h \u00e0 [&hellip;]","og_url":"https:\/\/www.soutiendocteurgoareguer.be\/","og_site_name":"Soutien Docteur Goareguer","article_modified_time":"2022-09-19T08:52:13+00:00","twitter_card":"summary_large_image","twitter_misc":{"Dur\u00e9e de lecture est.":"3 minutes"},"schema":{"@context":"https:\/\/schema.org","@graph":[{"@type":"WebPage","@id":"https:\/\/www.soutiendocteurgoareguer.be\/","url":"https:\/\/www.soutiendocteurgoareguer.be\/","name":"Soutien au Docteur Fr\u00e9d\u00e9ric Goar\u00e9guer","isPartOf":{"@id":"https:\/\/www.soutiendocteurgoareguer.be\/#website"},"datePublished":"2022-09-06T13:13:46+00:00","dateModified":"2022-09-19T08:52:13+00:00","breadcrumb":{"@id":"https:\/\/www.soutiendocteurgoareguer.be\/#breadcrumb"},"inLanguage":"fr-BE","potentialAction":[{"@type":"ReadAction","target":["https:\/\/www.soutiendocteurgoareguer.be\/"]}]},{"@type":"BreadcrumbList","@id":"https:\/\/www.soutiendocteurgoareguer.be\/#breadcrumb","itemListElement":[{"@type":"ListItem","position":1,"name":"Accueil","item":"https:\/\/www.soutiendocteurgoareguer.be\/"},{"@type":"ListItem","position":2,"name":"Soutien au Docteur Fr\u00e9d\u00e9ric Goar\u00e9guer"}]},{"@type":"WebSite","@id":"https:\/\/www.soutiendocteurgoareguer.be\/#website","url":"https:\/\/www.soutiendocteurgoareguer.be\/","name":"Soutien Docteur Goareguer","description":"Un site utilisant WordPress","potentialAction":[{"@type":"SearchAction","target":{"@type":"EntryPoint","urlTemplate":"https:\/\/www.soutiendocteurgoareguer.be\/?s={search_term_string}"},"query-input":"required name=search_term_string"}],"inLanguage":"fr-BE"}]}},"_links":{"self":[{"href":"https:\/\/www.soutiendocteurgoareguer.be\/index.php?rest_route=\/wp\/v2\/pages\/15","targetHints":{"allow":["GET"]}}],"collection":[{"href":"https:\/\/www.soutiendocteurgoareguer.be\/index.php?rest_route=\/wp\/v2\/pages"}],"about":[{"href":"https:\/\/www.soutiendocteurgoareguer.be\/index.php?rest_route=\/wp\/v2\/types\/page"}],"author":[{"embeddable":true,"href":"https:\/\/www.soutiendocteurgoareguer.be\/index.php?rest_route=\/wp\/v2\/users\/1"}],"replies":[{"embeddable":true,"href":"https:\/\/www.soutiendocteurgoareguer.be\/index.php?rest_route=%2Fwp%2Fv2%2Fcomments&post=15"}],"version-history":[{"count":35,"href":"https:\/\/www.soutiendocteurgoareguer.be\/index.php?rest_route=\/wp\/v2\/pages\/15\/revisions"}],"predecessor-version":[{"id":62,"href":"https:\/\/www.soutiendocteurgoareguer.be\/index.php?rest_route=\/wp\/v2\/pages\/15\/revisions\/62"}],"wp:attachment":[{"href":"https:\/\/www.soutiendocteurgoareguer.be\/index.php?rest_route=%2Fwp%2Fv2%2Fmedia&parent=15"}],"curies":[{"name":"wp","href":"https:\/\/api.w.org\/{rel}","templated":true}]}}